{"id":17,"date":"2015-01-16T12:10:29","date_gmt":"2015-01-16T12:10:29","guid":{"rendered":"http:\/\/www.janakkalanvenekerho.net\/?page_id=17"},"modified":"2026-01-01T21:26:01","modified_gmt":"2026-01-01T19:26:01","slug":"yhteystiedot","status":"publish","type":"page","link":"http:\/\/www.janakkalanvenekerho.net\/?page_id=17","title":{"rendered":"Yhteystiedot"},"content":{"rendered":"<p>Puheenjohtaja, kommodori: Juha Eronen<br \/>puh. 0500-270271<br \/><a href=\"mailto:juha.eronen@janakkalanvenekerho.net\">juha.eronen@janakkalanvenekerho.net<\/a><\/p>\n<p>J\u00e4sensihteeri, taloudenhoitaja: Helena Hollming<br \/>Puhelimella voi tavoitella seuraavina aikoina:<br \/>Ma-To klo. 17:00-19:00<br \/>La-Su klo. 13:00-18:00<\/p>\n<div><span style=\"font-size: medium; color: initial;\">puh. 040 565 6958<\/span><\/div>\n<div>\u00a0<\/div>\n<div>Kiireett\u00f6miss\u00e4 asioissa mieluiten s\u00e4hk\u00f6postitse:<\/div>\n<p><a href=\"mailto:helena.hollming@janakkalanvenekerho.net\">helena.hollming@janakkalanvenekerho.net<\/a><\/p>\n<p>Katsastusp\u00e4\u00e4llikk\u00f6: Vesa V\u00e4nsk\u00e4<br \/>puh. 040-5265050<\/p>\n<p><span style=\"font-size: medium;\">Laiturivastaava Ahilammi ja venepaikat: Ari Lampinen<br \/><\/span><span style=\"font-size: medium;\">puh. 040-8312115<\/span><\/p>\n<p>Laiturivastaava M\u00e4ntyniemi: Niilo Karhunen<br \/>puh. 0500-223436<\/p>\n\n\n<p><\/p>\n\n\n\n<p><\/p>\n","protected":false},"excerpt":{"rendered":"<p>Puheenjohtaja, kommodori: Juha Eronenpuh. 0500-270271juha.eronen@janakkalanvenekerho.net J\u00e4sensihteeri, taloudenhoitaja: Helena HollmingPuhelimella voi tavoitella seuraavina aikoina:Ma-To klo. 17:00-19:00La-Su klo. 13:00-18:00 puh. 040 565 6958 \u00a0 Kiireett\u00f6miss\u00e4 asioissa mieluiten s\u00e4hk\u00f6postitse: helena.hollming@janakkalanvenekerho.net Katsastusp\u00e4\u00e4llikk\u00f6: Vesa V\u00e4nsk\u00e4puh. 040-5265050 Laiturivastaava Ahilammi ja venepaikat: Ari Lampinenpuh. 040-8312115 Laiturivastaava M\u00e4ntyniemi: Niilo Karhunenpuh. 0500-223436<\/p>\n","protected":false},"author":1,"featured_media":0,"parent":2,"menu_order":0,"comment_status":"closed","ping_status":"closed","template":"","meta":{"footnotes":""},"class_list":["post-17","page","type-page","status-publish","hentry"],"_links":{"self":[{"href":"http:\/\/www.janakkalanvenekerho.net\/index.php?rest_route=\/wp\/v2\/pages\/17","targetHints":{"allow":["GET"]}}],"collection":[{"href":"http:\/\/www.janakkalanvenekerho.net\/index.php?rest_route=\/wp\/v2\/pages"}],"about":[{"href":"http:\/\/www.janakkalanvenekerho.net\/index.php?rest_route=\/wp\/v2\/types\/page"}],"author":[{"embeddable":true,"href":"http:\/\/www.janakkalanvenekerho.net\/index.php?rest_route=\/wp\/v2\/users\/1"}],"replies":[{"embeddable":true,"href":"http:\/\/www.janakkalanvenekerho.net\/index.php?rest_route=%2Fwp%2Fv2%2Fcomments&post=17"}],"version-history":[{"count":38,"href":"http:\/\/www.janakkalanvenekerho.net\/index.php?rest_route=\/wp\/v2\/pages\/17\/revisions"}],"predecessor-version":[{"id":797,"href":"http:\/\/www.janakkalanvenekerho.net\/index.php?rest_route=\/wp\/v2\/pages\/17\/revisions\/797"}],"up":[{"embeddable":true,"href":"http:\/\/www.janakkalanvenekerho.net\/index.php?rest_route=\/wp\/v2\/pages\/2"}],"wp:attachment":[{"href":"http:\/\/www.janakkalanvenekerho.net\/index.php?rest_route=%2Fwp%2Fv2%2Fmedia&parent=17"}],"curies":[{"name":"wp","href":"https:\/\/api.w.org\/{rel}","templated":true}]}}