{"id":2,"date":"2015-01-16T09:46:26","date_gmt":"2015-01-16T09:46:26","guid":{"rendered":"http:\/\/www.janakkalanvenekerho.net\/?page_id=2"},"modified":"2015-02-17T11:44:36","modified_gmt":"2015-02-17T11:44:36","slug":"esimerkkisivu","status":"publish","type":"page","link":"http:\/\/www.janakkalanvenekerho.net\/","title":{"rendered":"Etusivu"},"content":{"rendered":"<p>Janakkalan venekerho ry on perustettu 1981 ja se on Suomen Purjehdus ja veneily ry:n\u00a0(SPV) j\u00e4senseura. Yhdistyksen toiminnan p\u00e4\u00e4paino on Turengin Ahilammilla sijaitsevan\u00a0kotisataman yll\u00e4pidossa ja kehitt\u00e4misess\u00e4. Kerhon tukikohdasta pid\u00e4mme huolta\u00a0talkoovoimin, jonka vuoksi kerhon maksut olemme pystyneet pit\u00e4m\u00e4\u00e4n kohtuullisena.<\/p>\n<p>J\u00e4senhankintaa tulemme harjoittamaan edelleen aktiivisesti. Tavoitteenamme on, ett\u00e4\u00a0kaikki yhdistykselt\u00e4 laituripaikan vuokranneet olisivat my\u00f6s j\u00e4seni\u00e4. Lis\u00e4tietoa j\u00e4senyyteen\u00a0ja kerhon asioista l\u00f6yd\u00e4t kohdasta \u201d J\u00e4seneksi\u201d.<\/p>\n<p>Ota yhteytt\u00e4 tai j\u00e4t\u00e4 yhteystietosi, niin\u00a0otamme sinuun yhteytt\u00e4.<\/p>\n","protected":false},"excerpt":{"rendered":"<p>Janakkalan venekerho ry on perustettu 1981 ja se on Suomen Purjehdus ja veneily ry:n\u00a0(SPV) j\u00e4senseura. Yhdistyksen toiminnan p\u00e4\u00e4paino on Turengin Ahilammilla sijaitsevan\u00a0kotisataman yll\u00e4pidossa ja kehitt\u00e4misess\u00e4. Kerhon tukikohdasta pid\u00e4mme huolta\u00a0talkoovoimin, jonka vuoksi kerhon maksut olemme pystyneet pit\u00e4m\u00e4\u00e4n kohtuullisena. J\u00e4senhankintaa tulemme harjoittamaan edelleen aktiivisesti. Tavoitteenamme on, ett\u00e4\u00a0kaikki yhdistykselt\u00e4 laituripaikan vuokranneet olisivat my\u00f6s j\u00e4seni\u00e4. Lis\u00e4tietoa j\u00e4senyyteen\u00a0ja kerhon asioista &hellip; <a href=\"http:\/\/www.janakkalanvenekerho.net\/\" class=\"more-link\">Jatka lukemista <span class=\"screen-reader-text\">Etusivu<\/span> <span class=\"meta-nav\">&rarr;<\/span><\/a><\/p>\n","protected":false},"author":1,"featured_media":0,"parent":0,"menu_order":0,"comment_status":"closed","ping_status":"closed","template":"","meta":{"footnotes":""},"class_list":["post-2","page","type-page","status-publish","hentry"],"_links":{"self":[{"href":"http:\/\/www.janakkalanvenekerho.net\/index.php?rest_route=\/wp\/v2\/pages\/2","targetHints":{"allow":["GET"]}}],"collection":[{"href":"http:\/\/www.janakkalanvenekerho.net\/index.php?rest_route=\/wp\/v2\/pages"}],"about":[{"href":"http:\/\/www.janakkalanvenekerho.net\/index.php?rest_route=\/wp\/v2\/types\/page"}],"author":[{"embeddable":true,"href":"http:\/\/www.janakkalanvenekerho.net\/index.php?rest_route=\/wp\/v2\/users\/1"}],"replies":[{"embeddable":true,"href":"http:\/\/www.janakkalanvenekerho.net\/index.php?rest_route=%2Fwp%2Fv2%2Fcomments&post=2"}],"version-history":[{"count":3,"href":"http:\/\/www.janakkalanvenekerho.net\/index.php?rest_route=\/wp\/v2\/pages\/2\/revisions"}],"predecessor-version":[{"id":755,"href":"http:\/\/www.janakkalanvenekerho.net\/index.php?rest_route=\/wp\/v2\/pages\/2\/revisions\/755"}],"wp:attachment":[{"href":"http:\/\/www.janakkalanvenekerho.net\/index.php?rest_route=%2Fwp%2Fv2%2Fmedia&parent=2"}],"curies":[{"name":"wp","href":"https:\/\/api.w.org\/{rel}","templated":true}]}}