{"id":21,"date":"2015-01-16T12:10:29","date_gmt":"2015-01-16T12:10:29","guid":{"rendered":"http:\/\/www.janakkalanvenekerho.net\/?page_id=21"},"modified":"2026-01-01T19:10:27","modified_gmt":"2026-01-01T17:10:27","slug":"satamat","status":"publish","type":"page","link":"http:\/\/www.janakkalanvenekerho.net\/?page_id=21","title":{"rendered":"Satamat"},"content":{"rendered":"<p align=\"JUSTIFY\">Janakkalan venekerholla on kotisatama Turengin Ahilammilla, Kiramontien p\u00e4\u00e4ss\u00e4. Laitureita satamassa on kolme. C-laiturin molemmin puolin l\u00f6ytyy my\u00f6s useita vierasvene paikkoja, yl\u00e4juoksun puolella on aisapaikkoja ja kanoottilaituri.<\/p>\n<p align=\"JUSTIFY\">Kerholla on my\u00f6s laituri M\u00e4ntyniemess\u00e4.<\/p>\n<p align=\"JUSTIFY\">Vuokraamme soutuvenepaikkoja Ahilammilta.<\/p>\n<p align=\"JUSTIFY\">Sataman palvelut: J\u00e4tehuolto, septintyhjennyslautta, polttoaine, veneramppi, ravintola 300m, kioski 800m, muut palvelut Turengin keskustassa n. 1000m.<\/p>\n<p align=\"JUSTIFY\">2015 Toukokuu. Laskettiin vesille septintyhjennyslautta Ahilammin satamaan. Lautta palvelee kaikkia veneilij\u00f6it\u00e4 itsepalveluperiaatteella. Se on tarkoitettu ainoastaan septij\u00e4tteelle, ei esimerkiksi pilssivesille. Sen sijainti on vasemmanpuoleisen kulkusuuntaviitan sataman puolella, noin 50 m viitasta. (<span style=\"color: #0000ff;\"><a style=\"color: #0000ff;\" href=\"http:\/\/www.janakkalanvenekerho.net\/wp-content\/uploads\/2015\/06\/20150612_213305.jpg\">kuvalinkki lauttaan<\/a><\/span>.) Lautta on ankkuroitu jokaisesta kulmasta muoviputkella suojatuilla kettingeill\u00e4, ettei potkurit vaurioidu.<\/p>\n","protected":false},"excerpt":{"rendered":"<p>Janakkalan venekerholla on kotisatama Turengin Ahilammilla, Kiramontien p\u00e4\u00e4ss\u00e4. Laitureita satamassa on kolme. C-laiturin molemmin puolin l\u00f6ytyy my\u00f6s useita vierasvene paikkoja, yl\u00e4juoksun puolella on aisapaikkoja ja kanoottilaituri. Kerholla on my\u00f6s laituri M\u00e4ntyniemess\u00e4. Vuokraamme soutuvenepaikkoja Ahilammilta. Sataman palvelut: J\u00e4tehuolto, septintyhjennyslautta, polttoaine, veneramppi, ravintola 300m, kioski 800m, muut palvelut Turengin keskustassa n. 1000m. 2015 Toukokuu. Laskettiin vesille septintyhjennyslautta &hellip; <a href=\"http:\/\/www.janakkalanvenekerho.net\/?page_id=21\" class=\"more-link\">Jatka lukemista <span class=\"screen-reader-text\">Satamat<\/span> <span class=\"meta-nav\">&rarr;<\/span><\/a><\/p>\n","protected":false},"author":1,"featured_media":0,"parent":2,"menu_order":0,"comment_status":"closed","ping_status":"closed","template":"","meta":{"footnotes":""},"class_list":["post-21","page","type-page","status-publish","hentry"],"_links":{"self":[{"href":"http:\/\/www.janakkalanvenekerho.net\/index.php?rest_route=\/wp\/v2\/pages\/21","targetHints":{"allow":["GET"]}}],"collection":[{"href":"http:\/\/www.janakkalanvenekerho.net\/index.php?rest_route=\/wp\/v2\/pages"}],"about":[{"href":"http:\/\/www.janakkalanvenekerho.net\/index.php?rest_route=\/wp\/v2\/types\/page"}],"author":[{"embeddable":true,"href":"http:\/\/www.janakkalanvenekerho.net\/index.php?rest_route=\/wp\/v2\/users\/1"}],"replies":[{"embeddable":true,"href":"http:\/\/www.janakkalanvenekerho.net\/index.php?rest_route=%2Fwp%2Fv2%2Fcomments&post=21"}],"version-history":[{"count":16,"href":"http:\/\/www.janakkalanvenekerho.net\/index.php?rest_route=\/wp\/v2\/pages\/21\/revisions"}],"predecessor-version":[{"id":787,"href":"http:\/\/www.janakkalanvenekerho.net\/index.php?rest_route=\/wp\/v2\/pages\/21\/revisions\/787"}],"up":[{"embeddable":true,"href":"http:\/\/www.janakkalanvenekerho.net\/index.php?rest_route=\/wp\/v2\/pages\/2"}],"wp:attachment":[{"href":"http:\/\/www.janakkalanvenekerho.net\/index.php?rest_route=%2Fwp%2Fv2%2Fmedia&parent=21"}],"curies":[{"name":"wp","href":"https:\/\/api.w.org\/{rel}","templated":true}]}}