{"id":276,"date":"2016-03-13T08:52:49","date_gmt":"2016-03-13T08:52:49","guid":{"rendered":"http:\/\/www.janakkalanvenekerho.net\/?page_id=276"},"modified":"2026-04-02T19:44:36","modified_gmt":"2026-04-02T17:44:36","slug":"ajankohtaista","status":"publish","type":"page","link":"http:\/\/www.janakkalanvenekerho.net\/?page_id=276","title":{"rendered":"Ajankohtaista"},"content":{"rendered":"<p>02.04.2026<br \/>\n<strong>VENEILYKAUSI JA ODOTETTU KEV\u00c4T\/KES\u00c4 TEKEE JO TULOAAN.<br \/>\n<\/strong>Jos veneesi viiri tai per\u00e4lippu alkaa olla jo kovin huonokuntoinen, niin niit\u00e4 on saatavilla:<br \/>\n\u2013 viirit 22\u20ac\/kpl (viel\u00e4 vanhaa varastoa vanhalla hinnalla, kunnes loppuu)<br \/>\n\u2013 katsastettuihin veneisiin per\u00e4lippuja 35\u20ac\/kpl<\/p>\n<p>N\u00e4it\u00e4 voi ostaa Helena Hollmingilta.<\/p>\n<p>18.3.2026<br \/>\n<strong>KERHOVAATTEITA TAAS TILATTAVISSA.<br \/>\n<\/strong>Helena Holming ker\u00e4\u00e4 listaa seuraavaa tilausta varten, jonka m\u00e4\u00e4r\u00e4p\u00e4iv\u00e4 on 30.4.2026<br \/>\nT\u00e4st\u00e4 tulee j\u00e4senist\u00f6lle tarkempaa s\u00e4hk\u00f6postia.<\/p>\n<p><a href=\"http:\/\/www.janakkalanvenekerho.net\/wp-content\/uploads\/2026\/03\/t-paita.jpg\"><img loading=\"lazy\" decoding=\"async\" class=\"alignnone  wp-image-804\" src=\"http:\/\/www.janakkalanvenekerho.net\/wp-content\/uploads\/2026\/03\/t-paita-298x300.jpg\" alt=\"\" width=\"177\" height=\"178\" srcset=\"http:\/\/www.janakkalanvenekerho.net\/wp-content\/uploads\/2026\/03\/t-paita-298x300.jpg 298w, http:\/\/www.janakkalanvenekerho.net\/wp-content\/uploads\/2026\/03\/t-paita-1015x1024.jpg 1015w, http:\/\/www.janakkalanvenekerho.net\/wp-content\/uploads\/2026\/03\/t-paita-150x150.jpg 150w, http:\/\/www.janakkalanvenekerho.net\/wp-content\/uploads\/2026\/03\/t-paita-768x774.jpg 768w, http:\/\/www.janakkalanvenekerho.net\/wp-content\/uploads\/2026\/03\/t-paita-1523x1536.jpg 1523w, http:\/\/www.janakkalanvenekerho.net\/wp-content\/uploads\/2026\/03\/t-paita-2031x2048.jpg 2031w\" sizes=\"auto, (max-width: 177px) 100vw, 177px\" \/><\/a><a href=\"http:\/\/www.janakkalanvenekerho.net\/wp-content\/uploads\/2026\/03\/pikee-paita.jpg\"><img loading=\"lazy\" decoding=\"async\" class=\"alignnone  wp-image-803\" src=\"http:\/\/www.janakkalanvenekerho.net\/wp-content\/uploads\/2026\/03\/pikee-paita-300x300.jpg\" alt=\"\" width=\"177\" height=\"177\" srcset=\"http:\/\/www.janakkalanvenekerho.net\/wp-content\/uploads\/2026\/03\/pikee-paita-300x300.jpg 300w, http:\/\/www.janakkalanvenekerho.net\/wp-content\/uploads\/2026\/03\/pikee-paita-1024x1021.jpg 1024w, http:\/\/www.janakkalanvenekerho.net\/wp-content\/uploads\/2026\/03\/pikee-paita-150x150.jpg 150w, http:\/\/www.janakkalanvenekerho.net\/wp-content\/uploads\/2026\/03\/pikee-paita-768x766.jpg 768w, http:\/\/www.janakkalanvenekerho.net\/wp-content\/uploads\/2026\/03\/pikee-paita-1536x1532.jpg 1536w, http:\/\/www.janakkalanvenekerho.net\/wp-content\/uploads\/2026\/03\/pikee-paita-2048x2043.jpg 2048w\" sizes=\"auto, (max-width: 177px) 100vw, 177px\" \/><\/a><a href=\"http:\/\/www.janakkalanvenekerho.net\/wp-content\/uploads\/2026\/03\/huppari-scaled.jpg\"><img loading=\"lazy\" decoding=\"async\" class=\"alignnone  wp-image-802\" src=\"http:\/\/www.janakkalanvenekerho.net\/wp-content\/uploads\/2026\/03\/huppari-251x300.jpg\" alt=\"\" width=\"149\" height=\"178\" srcset=\"http:\/\/www.janakkalanvenekerho.net\/wp-content\/uploads\/2026\/03\/huppari-251x300.jpg 251w, http:\/\/www.janakkalanvenekerho.net\/wp-content\/uploads\/2026\/03\/huppari-858x1024.jpg 858w, http:\/\/www.janakkalanvenekerho.net\/wp-content\/uploads\/2026\/03\/huppari-768x917.jpg 768w, http:\/\/www.janakkalanvenekerho.net\/wp-content\/uploads\/2026\/03\/huppari-1286x1536.jpg 1286w, http:\/\/www.janakkalanvenekerho.net\/wp-content\/uploads\/2026\/03\/huppari-1715x2048.jpg 1715w\" sizes=\"auto, (max-width: 149px) 100vw, 149px\" \/><\/a><\/p>\n<p>29.5.2025<br \/>\n<strong>KIPPARIT HUOMIO!<br \/>\n<\/strong>Muistakaa k\u00e4yd\u00e4 Traficomin sivuilla aika ajoin vilkaisemassa mahdolliset p\u00e4ivitykset vesist\u00f6jen karttasarjoihin.<br \/>\nAlla linkki sivustolle:<br \/>\n<a href=\"https:\/\/www.traficom.fi\/fi\/liikenne\/merenkulku\/merenkulkijoille\/tiedonantoja-merenkulkijoille-karttakohtaiset-koosteet?toggle=Veneilykartat&amp;toggle=Merikarttasarjat\" target=\"_blank\" rel=\"noopener\">karttasarjojen p\u00e4ivitykset<\/a><\/p>\n<p>17.3.2025<br \/>\n<strong>VENEILYKAUSI JA ODOTETTU KEV\u00c4T\/KES\u00c4 TEKEE JO TULOAAN.<br \/>\n<\/strong>Jos veneesi viiri tai per\u00e4lippu alkaa olla jo kovin huonokuntoinen, niin niit\u00e4 l\u00f6ytyy samoilla vanhoilla hinnoilla:<br \/>\n&#8211; viirit 22\u20ac\/kpl<br \/>\n&#8211; katsastettuihin veneisiin per\u00e4lippuja 24\u20ac\/kpl<\/p>\n<p>N\u00e4it\u00e4 voi ostaa Helena Hollmingilta.<\/p>\n<p>22.4.2022<br \/>\n<strong>Kev\u00e4\u00e4n 2022 katsastusasiaa.<\/strong><br \/>\nT\u00e4n\u00e4 vuonna katsastukset vain Ahilammilla.<\/p>\n<p>3.6. Perjantaina, klo. 18:00 eteenp\u00e4in.<br \/>\n4.6. Lauantaina, klo. 10:00-15:00 (muuna ajankohtana lis\u00e4maksusta, ja ajanvarauksella).<\/p>\n<p>Veneitten katsastukset:<br \/>\nKatsastusp\u00e4\u00e4llikk\u00f6 Rauli Hyypi\u00e4 puh. 050 360 2135<br \/>\nKatsastusmies Vesa V\u00e4nsk\u00e4 puh. 040-5265050<\/p>\n<p>Muistakaa mahdollinen runkokatsastus ennen vesille laskua.<\/p>\n<p><strong>VENEILYKAUSI JA ODOTETTU KEV\u00c4T\/KES\u00c4 TEKEE JO TULOAAN!<\/strong><br \/>\nMyyd\u00e4\u00e4n viirej\u00e4 22\u20ac\/kpl ja katsastettuihin veneisiin per\u00e4lippuja 24\u20ac\/kpl<br \/>\nN\u00e4it\u00e4 voi ostaa Helena Hollmingilta.<br \/>\n<a href=\"http:\/\/www.janakkalanvenekerho.net\/wp-content\/uploads\/2022\/04\/WhatsApp-Image-2022-04-22-at-12.47.02.jpeg\"><img loading=\"lazy\" decoding=\"async\" class=\"alignnone  wp-image-653\" src=\"http:\/\/www.janakkalanvenekerho.net\/wp-content\/uploads\/2022\/04\/WhatsApp-Image-2022-04-22-at-12.47.02-300x225.jpeg\" alt=\"\" width=\"136\" height=\"102\" srcset=\"http:\/\/www.janakkalanvenekerho.net\/wp-content\/uploads\/2022\/04\/WhatsApp-Image-2022-04-22-at-12.47.02-300x225.jpeg 300w, http:\/\/www.janakkalanvenekerho.net\/wp-content\/uploads\/2022\/04\/WhatsApp-Image-2022-04-22-at-12.47.02-1024x768.jpeg 1024w, http:\/\/www.janakkalanvenekerho.net\/wp-content\/uploads\/2022\/04\/WhatsApp-Image-2022-04-22-at-12.47.02-768x576.jpeg 768w, http:\/\/www.janakkalanvenekerho.net\/wp-content\/uploads\/2022\/04\/WhatsApp-Image-2022-04-22-at-12.47.02-1536x1152.jpeg 1536w, http:\/\/www.janakkalanvenekerho.net\/wp-content\/uploads\/2022\/04\/WhatsApp-Image-2022-04-22-at-12.47.02-160x120.jpeg 160w, http:\/\/www.janakkalanvenekerho.net\/wp-content\/uploads\/2022\/04\/WhatsApp-Image-2022-04-22-at-12.47.02.jpeg 1600w\" sizes=\"auto, (max-width: 136px) 100vw, 136px\" \/><\/a><a href=\"http:\/\/www.janakkalanvenekerho.net\/wp-content\/uploads\/2022\/04\/WhatsApp-Image-2022-04-22-at-12.47.24.jpeg\"><img loading=\"lazy\" decoding=\"async\" class=\"alignnone  wp-image-655\" src=\"http:\/\/www.janakkalanvenekerho.net\/wp-content\/uploads\/2022\/04\/WhatsApp-Image-2022-04-22-at-12.47.24-300x225.jpeg\" alt=\"\" width=\"136\" height=\"102\" srcset=\"http:\/\/www.janakkalanvenekerho.net\/wp-content\/uploads\/2022\/04\/WhatsApp-Image-2022-04-22-at-12.47.24-300x225.jpeg 300w, http:\/\/www.janakkalanvenekerho.net\/wp-content\/uploads\/2022\/04\/WhatsApp-Image-2022-04-22-at-12.47.24-1024x768.jpeg 1024w, http:\/\/www.janakkalanvenekerho.net\/wp-content\/uploads\/2022\/04\/WhatsApp-Image-2022-04-22-at-12.47.24-768x576.jpeg 768w, http:\/\/www.janakkalanvenekerho.net\/wp-content\/uploads\/2022\/04\/WhatsApp-Image-2022-04-22-at-12.47.24-1536x1152.jpeg 1536w, http:\/\/www.janakkalanvenekerho.net\/wp-content\/uploads\/2022\/04\/WhatsApp-Image-2022-04-22-at-12.47.24-160x120.jpeg 160w, http:\/\/www.janakkalanvenekerho.net\/wp-content\/uploads\/2022\/04\/WhatsApp-Image-2022-04-22-at-12.47.24.jpeg 1600w\" sizes=\"auto, (max-width: 136px) 100vw, 136px\" \/><\/a><\/p>\n<p><strong>Syyskokous 2021<\/strong><\/p>\n<p><strong>Aika<\/strong>\u00a0\u00a0\u00a0\u00a0\u00a0\u00a0\u00a0\u00a0\u00a0\u00a0\u00a0\u00a0\u00a0\u00a0\u00a0\u00a0\u00a0\u00a0\u00a0\u00a0\u00a0\u00a0\u00a0\u00a0\u00a0\u00a0\u00a0\u00a0\u00a0\u00a0\u00a0\u00a0\u00a0 Lauantaina 30.10.2021 klo 13:00 \u2013<\/p>\n<p><strong>Paikka<\/strong>\u00a0\u00a0\u00a0\u00a0\u00a0\u00a0\u00a0\u00a0\u00a0\u00a0\u00a0\u00a0\u00a0\u00a0\u00a0\u00a0\u00a0\u00a0\u00a0\u00a0\u00a0\u00a0\u00a0\u00a0\u00a0\u00a0\u00a0\u00a0\u00a0 Turengin Wanha asema, Asematie 6, 14200 Turenki, yl\u00e4ker. juhlasali. Ennen kokousta juomme kahvit ja suolainen piirakka maistuu syksyisess\u00e4 s\u00e4\u00e4ss\u00e4.<\/p>\n<p>K\u00e4sitell\u00e4\u00e4n s\u00e4\u00e4nt\u00f6jen m\u00e4\u00e4r\u00e4\u00e4m\u00e4t asiat sek\u00e4 s\u00e4\u00e4nt\u00f6muutokset.<\/p>\n<p><strong>SITOVAT ILMOITTAUTUMISET 24.10.2021 MENNESS\u00c4,\u00a0<\/strong><strong>Helena Hollming, 050-5287930, <a href=\"mailto:helena.hollming@janakkalanvenekerho.net\">helena.hollming@janakkalanvenekerho.net<\/a><br \/>\n<\/strong><\/p>\n<p>5.4.2020<br \/>\n<strong>Kev\u00e4\u00e4n 2020 katsastusasiaa<\/strong><br \/>\nT\u00e4m\u00e4n hetken tiedon mukaan katsastukset tullaan suorittamaan vain Ahilammilla, koronaviiruksen aiheuttamien toimenpiteiden vuoksi.<\/p>\n<p>Aikataulu:<br \/>\n5.6. Perjantai, klo. 18:00 eteenp\u00e4in.<br \/>\n6.6. Lauantai, klo. 10:00-15:00 (samana p\u00e4iv\u00e4n\u00e4 kes\u00e4kauden avajaiset Ahilammilla).<\/p>\n<p>Tarkastakaa veneitten papereista runkokatsastuksen tarve ja sopikaa ajankohta suoraan Rauli Hyypi\u00e4n kanssa puh. 050 360 2135<\/p>\n<p>Sammuttimille ei j\u00e4rjestet\u00e4 yhteist\u00e4 tarkistusta, joten jokainen k\u00e4y tarkastuttamassa omansa.<\/p>\n<p>31.3.2019<br \/>\n<strong>Kev\u00e4\u00e4n 2019 katsastusasiaa<\/strong><br \/>\nT\u00e4n\u00e4kin kev\u00e4\u00e4n\u00e4 toimitaan kuten viime vuonna, eli katsastuksia suoritetaan Ahilammilla ja M\u00e4ntyniemess\u00e4.<br \/>\n7.6. Perjantaina, klo. 18:00 eteenp\u00e4in.<br \/>\n8.6. Lauantaina, klo. 10:00 eteenp\u00e4in (samana p\u00e4iv\u00e4n\u00e4 kes\u00e4kauden avajaiset Ahilammilla).<\/p>\n<p>Tarkastakaa veneitten papereista runkokatsastuksen tarve ja sopikaa ajankohta suoraan Rauli Hyypi\u00e4n kanssa puh. 050 360 2135<\/p>\n<p>Sammuttimille ei j\u00e4rjestet\u00e4 yhteist\u00e4 tarkistusta, joten jokainen k\u00e4y tarkastuttamassa omansa.<\/p>\n<p>4.4.2018<br \/>\n<strong>Kipparit huomio!<\/strong><br \/>\nT\u00e4n\u00e4 vuonna katsastus tulee tapahtumaan niin Ahilammilla, kuin M\u00e4ntyniemess\u00e4kin:<br \/>\n8.6. Perjantaina, klo. 18:00 eteenp\u00e4in<br \/>\n9.6. Lauantaina, klo. 8:00 eteenp\u00e4in (samana p\u00e4iv\u00e4n\u00e4 kes\u00e4kauden avajaiset Ahilammilla).<\/p>\n<p>Tarkastakaa veneitten papereista runkokatsastuksen tarve, jotta se saadaan hoidettua alta pois ennen vesillelaskua.<\/p>\n<p>15.2.2018<br \/>\n<strong>Kerholle uudet katsastusmiehet!<\/strong><br \/>\nPitk\u00e4\u00e4n ja ansiokkaasti kerhomme katsastustoimintaa hoitaneet Martti, sek\u00e4 Peter j\u00e4\u00e4v\u00e4t t\u00e4st\u00e4 teht\u00e4v\u00e4st\u00e4\u00e4n el\u00e4kkeelle veneilykauden 2018 j\u00e4lkeen ja n\u00e4in uusien etsint\u00e4 oli talven mittaa k\u00e4ynniss\u00e4.<br \/>\nTulevana veneilykes\u00e4n\u00e4 2018 ovat uudet katsastusmiehemme Hannu Lipsanen ja Rauli Hyypi\u00e4 konkareiden opissa.<\/p>\n<p>21.10.2017<br \/>\n<strong>Pikkujoulut H\u00e4meenlinnan Vaakunassa Lauantai 25.11.2017 \u2013 Sunnuntai 26.11.2017<\/strong><br \/>\nOmavastuu 70,00 \u20ac\/ henkil\u00f6. Hintaan kuuluu:<br \/>\nTervetulo gl\u00f6gi, hotellihuone, illallinen, aamiainen ja hyv\u00e4 seura!<\/p>\n<p>Ilmoittautumiset Helena Hollmingille viikon 43 aikana.<\/p>\n<p>13.9.2017<br \/>\n<strong>Syksyn 2017 talkoot peruttu!<\/strong><br \/>\nTelakka-ja satama-alue ovat kauden j\u00e4ljilt\u00e4 niin siistiss\u00e4 kunnossa, ettei tarvetta yhteistalkoille t\u00e4n\u00e4 syksyn\u00e4 ole.<\/p>\n<p>24.5.2017<br \/>\n<strong>Veneiden katsastus Ahilammin satamassa<\/strong><br \/>\nKerhon veneiden katsastusp\u00e4iv\u00e4t ovat torstai 15.6. ja maanantai 19.6. klo. 17-19.<br \/>\nKatsastus ilmoittautumisj\u00e4rjestyksess\u00e4.<\/p>\n<p>20.3.2017<br \/>\n<strong>Muutoksia katsastusvaatimusten kohtaan &#8221;H\u00c4T\u00c4MERKINANTOV\u00c4LINEET&#8221;.<\/strong><br \/>\n3-luokka, vaihtoehto A:<br \/>\nMatkapuhelin, s\u00e4\u00e4nkest\u00e4v\u00e4sti suojattuna, sek\u00e4 1kpl led-soihtu varaparistoineen (vaihtoehtoisesti 2 kpl punasoihtuja).<\/p>\n<p>Suositellaan lis\u00e4ksi: 2 kpl punaisia laskuvarjoraketteja sek\u00e4 2 kpl punasoihtuja<br \/>\nUlkosaaristossa suositellaan: kiinte\u00e4sti asennettu VHF-DSC (ota huomioon radiolupa).<\/p>\n<p>1.6.2016<br \/>\n<strong>Veneiden katsastus Ahilammin satamassa<\/strong><br \/>\nKerhon veneiden katsastusp\u00e4iv\u00e4t ovat keskiviikot 8. ja 15.6. klo. 17-19.<br \/>\nKatsastus ilmoittautumisj\u00e4rjestyksess\u00e4.<\/p>\n<p>14.5.2016<br \/>\n<strong>Uusia kerhopaitoja saapunut ja ostettavissa suoraan Helena Hollmingilta!<\/strong><br \/>\nPaidat ovat pikee-mallisia ja v\u00e4rivalikoimana on musta ja viininpunainen.<br \/>\nKerhon nimi on brodeerattuna etupuolella.<br \/>\n<span style=\"color: #ff0000;\">LOPPUUNMYYTY!<\/span><br \/>\n<img decoding=\"async\" src=\"http:\/\/www.janakkalanvenekerho.net\/wp-content\/uploads\/2016\/04\/20160420_150805-1024x667.jpg\" alt=\"\" \/><\/p>\n<p><del datetime=\"2021-06-11T17:18:20+00:00\">Kokoja hyvin saatavilla!\u00a0\u00a0<\/del>\u00a0\u00a0<del><\/del><del><\/del><span style=\"color: #ff0000;\">LOPPUUNMYYTY!<\/span><\/p>\n<p>13.3.2016<br \/>\n<strong>Yhteinen pyro-soihtujen tilaus<\/strong><br \/>\nKev\u00e4tkokouksessa p\u00e4\u00e4timme tilata yhteisesti katsastuksessa vaadittuja soihtuja.<br \/>\nKipparit tarkistakaa soihtunne p\u00e4iv\u00e4m\u00e4\u00e4r\u00e4t, sek\u00e4 vaatimuksenmukaisuudet ja ilmoittakaa tarpeesta Martille maaliskuun loppuun menness\u00e4, alla olevaan s\u00e4hk\u00f6postiin.<br \/>\n<span style=\"font-size: medium;\"><a href=\"mailto:martti.hautakangas@janakkalanvenekerho.net\"> martti.hautakangas@janakkalanvenekerho.net<\/a><\/span><\/p>\n<p>01.3.2016<br \/>\n<strong>Kipparit huomio, katsastusm\u00e4\u00e4r\u00e4yksien muutoksia!<\/strong><\/p>\n<p><em>H\u00e4t\u00e4merkinantov\u00e4lineet:<\/em><\/p>\n<p>SIIRTYM\u00c4AIKA VANHASTA PYROTEKNIIKAN KELPOISUUDEN LIS\u00c4AJASTA ON P\u00c4\u00c4TTYNYT!<\/p>\n<p>Vuodesta 2016 alkaen hyv\u00e4ksynt\u00e4 tapahtuu tuotteeseen merkityn kelpoisuusajan mukaan.<\/p>\n<p><em>Katsastustarra:<\/em><\/p>\n<p>Tarran paikka on paapuurin (vasemman) kyljen puolella ohjaamon tai kajuutan kyljess\u00e4, hyvin n\u00e4ht\u00e4viss\u00e4 veneen kulkiessa ja laiturissa.<\/p>\n<p><em>Sammutusv\u00e4lineet:<\/em><\/p>\n<p>K\u00e4sisammuttimen kelpoisuusajaksi hyv\u00e4ksyt\u00e4\u00e4n yksi vuosi valmistusajankohdasta tai tarkastuksesta.<\/p>\n<p>Moottoritilan sammutin ei korvaa k\u00e4sisammutinta\/k\u00e4sisammuttimia.<\/p>\n","protected":false},"excerpt":{"rendered":"<p>02.04.2026 VENEILYKAUSI JA ODOTETTU KEV\u00c4T\/KES\u00c4 TEKEE JO TULOAAN. Jos veneesi viiri tai per\u00e4lippu alkaa olla jo kovin huonokuntoinen, niin niit\u00e4 on saatavilla: \u2013 viirit 22\u20ac\/kpl (viel\u00e4 vanhaa varastoa vanhalla hinnalla, kunnes loppuu) \u2013 katsastettuihin veneisiin per\u00e4lippuja 35\u20ac\/kpl N\u00e4it\u00e4 voi ostaa Helena Hollmingilta. 18.3.2026 KERHOVAATTEITA TAAS TILATTAVISSA. Helena Holming ker\u00e4\u00e4 listaa seuraavaa tilausta varten, jonka m\u00e4\u00e4r\u00e4p\u00e4iv\u00e4 &hellip; <a href=\"http:\/\/www.janakkalanvenekerho.net\/?page_id=276\" class=\"more-link\">Jatka lukemista <span class=\"screen-reader-text\">Ajankohtaista<\/span> <span class=\"meta-nav\">&rarr;<\/span><\/a><\/p>\n","protected":false},"author":1,"featured_media":0,"parent":0,"menu_order":0,"comment_status":"closed","ping_status":"closed","template":"","meta":{"footnotes":""},"class_list":["post-276","page","type-page","status-publish","hentry"],"_links":{"self":[{"href":"http:\/\/www.janakkalanvenekerho.net\/index.php?rest_route=\/wp\/v2\/pages\/276","targetHints":{"allow":["GET"]}}],"collection":[{"href":"http:\/\/www.janakkalanvenekerho.net\/index.php?rest_route=\/wp\/v2\/pages"}],"about":[{"href":"http:\/\/www.janakkalanvenekerho.net\/index.php?rest_route=\/wp\/v2\/types\/page"}],"author":[{"embeddable":true,"href":"http:\/\/www.janakkalanvenekerho.net\/index.php?rest_route=\/wp\/v2\/users\/1"}],"replies":[{"embeddable":true,"href":"http:\/\/www.janakkalanvenekerho.net\/index.php?rest_route=%2Fwp%2Fv2%2Fcomments&post=276"}],"version-history":[{"count":48,"href":"http:\/\/www.janakkalanvenekerho.net\/index.php?rest_route=\/wp\/v2\/pages\/276\/revisions"}],"predecessor-version":[{"id":815,"href":"http:\/\/www.janakkalanvenekerho.net\/index.php?rest_route=\/wp\/v2\/pages\/276\/revisions\/815"}],"wp:attachment":[{"href":"http:\/\/www.janakkalanvenekerho.net\/index.php?rest_route=%2Fwp%2Fv2%2Fmedia&parent=276"}],"curies":[{"name":"wp","href":"https:\/\/api.w.org\/{rel}","templated":true}]}}