{"id":627,"date":"2022-04-22T08:56:50","date_gmt":"2022-04-22T06:56:50","guid":{"rendered":"http:\/\/www.janakkalanvenekerho.net\/?page_id=627"},"modified":"2026-01-01T19:40:09","modified_gmt":"2026-01-01T17:40:09","slug":"jasenille-2","status":"publish","type":"page","link":"http:\/\/www.janakkalanvenekerho.net\/?page_id=627","title":{"rendered":"J\u00e4senille"},"content":{"rendered":"\n<p>JANAKKALAN VENEKERHON J\u00c4TEPISTEET<\/p>\n\n\n\n<p>SEKAJ\u00c4TE<br>Vihre\u00e4 roskalaatikko 600 l on tarkoitettu kaikelle satamassa syntyv\u00e4lle sekaj\u00e4tteelle kes\u00e4aikaan veneilt\u00e4 tuotaville roskapusseille. Roskalaatikko on vartiokopin vieress\u00e4. Sen kansi on lukittu ja aukeaa laituriavaimella, jotta ulkopuoliset eiv\u00e4t t\u00e4ytt\u00e4isi astiaa. Roskien tuominen muualta kerhon kustannuksella h\u00e4vitett\u00e4v\u00e4ksi on ehdottomasti kielletty.<br>H\u00e4vitett\u00e4v\u00e4t pressut on ehdottomasti viikattava huolellisesti, jolloin viev\u00e4t mahdollisimman v\u00e4h\u00e4n tilaa. Kierr\u00e4tyskelpoista j\u00e4tett\u00e4 (mm. pahvi, elektroniikkaromu) ei saa j\u00e4tt\u00e4\u00e4 sekaj\u00e4teastioihin, vaan se tulee vied\u00e4 asianmukaisiin ker\u00e4yspaikkoihin.<\/p>\n\n\n\n<p>KIERR\u00c4TYSKELPOINEN J\u00c4TE<br>Metallij\u00e4te ja muu kierr\u00e4tyskelpoinen j\u00e4te tulee k\u00e4sitell\u00e4 voimassa olevien j\u00e4tem\u00e4\u00e4r\u00e4ysten mukaisesti. L\u00e4hin ker\u00e4yskartongin, -paperin ja \u2013lasin vastaanottopiste on Turengin K-kaupan pys\u00e4k\u00f6intialueen vieress\u00e4.<\/p>\n\n\n\n<p>WC\u2010J\u00c4TE<br>Septitankki sijaitsee Ahilammilla. Tankki on kaikkien veneilij\u00f6iden k\u00e4yt\u00f6ss\u00e4.<br>Septitankin koko 4000 L.<br>Kemialliset WC:n voi tyhjent\u00e4\u00e4 vartiokopin vieress\u00e4 olevaan pajamajaan. Ei wc:n istuimen p\u00e4\u00e4lle.<br>Portin avaimella p\u00e4\u00e4see pajamajaan.<\/p>\n\n\n\n<p>VAARALLISET J\u00c4TTEET, ONGELMAJ\u00c4TTEET JA J\u00c4TE\u00d6LJYT<br>Vihre\u00e4n ty\u00f6maakopin seinustalla on lukolliset astiat vaarallisille j\u00e4tteille ja j\u00e4te\u00f6ljyille 1000L.<br>Jokainen huolehtii omista j\u00e4tteist\u00e4. Ne on viet\u00e4v\u00e4 niille tarkoitettuihin ker\u00e4yspisteisiin.<br>Toivomme, ett\u00e4 jokainen huolehtisi omien j\u00e4tteiden poisviennin, niille tarkoitettuihin paikkoihin.<\/p>\n\n\n\n<p>ROMUAKUT<br>Talvis\u00e4ilytys paikalla on vihre\u00e4 lukollinen ty\u00f6maa koppi.<br>Akut ker\u00e4t\u00e4\u00e4n sinne ja vied\u00e4\u00e4n kerran vuodessa, Lepp\u00e4kosken romulle.<\/p>\n\n\n\n<p>J\u00c4TEMAKSUN HINTA LAITURIPAIKAN VUOKRAAJILLE<br>J\u00e4temaksut sis\u00e4ltyv\u00e4t laituripaikan hintaan, laituripaikan vuokraajille.<\/p>\n\n\n\n<p>J\u00c4TTEIDEN J\u00c4TEHUOLLOSSA NOUDATETTAVAT TOIMENPITEET<br>Jokainen venepaikan vuokraaja on velvollinen ilmoittamaan Janakkalan venekerhon<br>puheenjohtajalle, sihteerille tai laiturivastaavalle ongelmista j\u00e4tehuollosta. My\u00f6s vartija ilmoittaa esim. jos on pajamaja t\u00e4ysi sit\u00e4 itteens\u00e4. Jolloin tilataan tyhjennys v\u00e4litt\u00f6m\u00e4sti.<\/p>\n\n\n\n<p>TYHJENNYKSET<br>Kaikki j\u00e4tepisteet tyhjennet\u00e4\u00e4n tarvittaessa. Tyhjennykset suorittaa Janakkalan j\u00e4tteenkuljetus.<br>Tyhjennykset tehd\u00e4\u00e4n vain kes\u00e4kautena, toukokuun lopulta lokakuun alkuun.<\/p>\n\n\n\n<p>J\u00c4TEHUOLLON KUSTANNUKSET KERHOLLE OVAT HUOMATTAVAT.<br>Toimi siis ohjeiden mukaan ja auta pit\u00e4m\u00e4\u00e4n kulut kurissa.<\/p>\n\n\n\n<p>Janakkalan venekerho ry<br>Puheenjohtaja Juha Eronen 0500-270271<br>Laiturivastaava Ari Lampinen 040-8312115<br>Sihteeri Helena Hollming 040-565 6958<\/p>\n\n\n\n<p><\/p>\n","protected":false},"excerpt":{"rendered":"<p>JANAKKALAN VENEKERHON J\u00c4TEPISTEET SEKAJ\u00c4TEVihre\u00e4 roskalaatikko 600 l on tarkoitettu kaikelle satamassa syntyv\u00e4lle sekaj\u00e4tteelle kes\u00e4aikaan veneilt\u00e4 tuotaville roskapusseille. Roskalaatikko on vartiokopin vieress\u00e4. Sen kansi on lukittu ja aukeaa laituriavaimella, jotta ulkopuoliset eiv\u00e4t t\u00e4ytt\u00e4isi astiaa. Roskien tuominen muualta kerhon kustannuksella h\u00e4vitett\u00e4v\u00e4ksi on ehdottomasti kielletty.H\u00e4vitett\u00e4v\u00e4t pressut on ehdottomasti viikattava huolellisesti, jolloin viev\u00e4t mahdollisimman v\u00e4h\u00e4n tilaa. Kierr\u00e4tyskelpoista j\u00e4tett\u00e4 (mm. &hellip; <a href=\"http:\/\/www.janakkalanvenekerho.net\/?page_id=627\" class=\"more-link\">Jatka lukemista <span class=\"screen-reader-text\">J\u00e4senille<\/span> <span class=\"meta-nav\">&rarr;<\/span><\/a><\/p>\n","protected":false},"author":1,"featured_media":0,"parent":0,"menu_order":0,"comment_status":"closed","ping_status":"closed","template":"","meta":{"footnotes":""},"class_list":["post-627","page","type-page","status-publish","hentry"],"_links":{"self":[{"href":"http:\/\/www.janakkalanvenekerho.net\/index.php?rest_route=\/wp\/v2\/pages\/627","targetHints":{"allow":["GET"]}}],"collection":[{"href":"http:\/\/www.janakkalanvenekerho.net\/index.php?rest_route=\/wp\/v2\/pages"}],"about":[{"href":"http:\/\/www.janakkalanvenekerho.net\/index.php?rest_route=\/wp\/v2\/types\/page"}],"author":[{"embeddable":true,"href":"http:\/\/www.janakkalanvenekerho.net\/index.php?rest_route=\/wp\/v2\/users\/1"}],"replies":[{"embeddable":true,"href":"http:\/\/www.janakkalanvenekerho.net\/index.php?rest_route=%2Fwp%2Fv2%2Fcomments&post=627"}],"version-history":[{"count":16,"href":"http:\/\/www.janakkalanvenekerho.net\/index.php?rest_route=\/wp\/v2\/pages\/627\/revisions"}],"predecessor-version":[{"id":793,"href":"http:\/\/www.janakkalanvenekerho.net\/index.php?rest_route=\/wp\/v2\/pages\/627\/revisions\/793"}],"wp:attachment":[{"href":"http:\/\/www.janakkalanvenekerho.net\/index.php?rest_route=%2Fwp%2Fv2%2Fmedia&parent=627"}],"curies":[{"name":"wp","href":"https:\/\/api.w.org\/{rel}","templated":true}]}}